{"id":45,"date":"2021-05-20T16:23:09","date_gmt":"2021-05-20T16:23:09","guid":{"rendered":"https:\/\/rdfmc.com\/?page_id=45"},"modified":"2021-07-28T13:23:02","modified_gmt":"2021-07-28T13:23:02","slug":"sobre-a-rdfmc","status":"publish","type":"page","link":"https:\/\/rdfmc.com\/en\/sobre-a-rdfmc\/","title":{"rendered":"About"},"content":{"rendered":"<div data-elementor-type=\"wp-page\" data-elementor-id=\"45\" class=\"elementor elementor-45\" data-elementor-post-type=\"page\">\n\t\t\t\t\t\t<section class=\"elementor-section elementor-top-section elementor-element elementor-element-7316cf3 elementor-section-height-min-height elementor-section-boxed elementor-section-height-default elementor-section-items-middle\" data-id=\"7316cf3\" data-element_type=\"section\" data-settings=\"{&quot;background_background&quot;:&quot;classic&quot;}\">\n\t\t\t\t\t\t<div class=\"elementor-container elementor-column-gap-default\">\n\t\t\t\t\t<div class=\"elementor-column elementor-col-100 elementor-top-column elementor-element elementor-element-ca12e4b elementor-hidden-desktop elementor-hidden-tablet\" data-id=\"ca12e4b\" data-element_type=\"column\">\n\t\t\t<div class=\"elementor-widget-wrap elementor-element-populated\">\n\t\t\t\t\t\t<div class=\"elementor-element elementor-element-a3559b2 elementor-hidden-desktop elementor-hidden-tablet elementor-widget elementor-widget-text-editor\" data-id=\"a3559b2\" data-element_type=\"widget\" data-widget_type=\"text-editor.default\">\n\t\t\t\t<div class=\"elementor-widget-container\">\n\t\t\t\t\t\t\t\t\tAbout <span style=\"color: #87a045;\">RDFMC<\/span>\t\t\t\t\t\t\t\t<\/div>\n\t\t\t\t<\/div>\n\t\t\t\t<div class=\"elementor-element elementor-element-17894ab elementor-hidden-desktop elementor-hidden-tablet elementor-widget elementor-widget-text-editor\" data-id=\"17894ab\" data-element_type=\"widget\" data-widget_type=\"text-editor.default\">\n\t\t\t\t<div class=\"elementor-widget-container\">\n\t\t\t\t\t\t\t\t\t<p>RDFMC is a critical, practical, dogmatic, and multidisciplinary publication.<\/p><p>Publication of doctrinal articles, jurisprudential notes, reviews, and legislative and doctrinal notes is admitted.<\/p><p>RDFMC adopts a double-blind peer-review process, where the anonymity of the Authors and Referees is guaranteed.<\/p>\t\t\t\t\t\t\t\t<\/div>\n\t\t\t\t<\/div>\n\t\t\t\t\t<\/div>\n\t\t<\/div>\n\t\t\t\t\t<\/div>\n\t\t<\/section>\n\t\t\t\t<section class=\"elementor-section elementor-top-section elementor-element elementor-element-2446d00 elementor-hidden-phone elementor-section-boxed elementor-section-height-default elementor-section-height-default\" data-id=\"2446d00\" data-element_type=\"section\">\n\t\t\t\t\t\t<div class=\"elementor-container elementor-column-gap-default\">\n\t\t\t\t\t<div class=\"elementor-column elementor-col-50 elementor-top-column elementor-element elementor-element-f2c129f elementor-hidden-phone\" data-id=\"f2c129f\" data-element_type=\"column\">\n\t\t\t<div class=\"elementor-widget-wrap elementor-element-populated\">\n\t\t\t\t\t\t<div class=\"elementor-element elementor-element-0c3e15b elementor-hidden-phone elementor-widget elementor-widget-image\" data-id=\"0c3e15b\" data-element_type=\"widget\" data-widget_type=\"image.default\">\n\t\t\t\t<div class=\"elementor-widget-container\">\n\t\t\t\t\t\t\t\t\t\t\t\t\t\t\t<img fetchpriority=\"high\" decoding=\"async\" width=\"492\" height=\"535\" src=\"https:\/\/rdfmc.com\/wp-content\/uploads\/2021\/06\/Sobre1SeccaoRDFMC.png\" class=\"attachment-large size-large wp-image-1272\" alt=\"\" srcset=\"https:\/\/rdfmc.com\/wp-content\/uploads\/2021\/06\/Sobre1SeccaoRDFMC.png 492w, https:\/\/rdfmc.com\/wp-content\/uploads\/2021\/06\/Sobre1SeccaoRDFMC-276x300.png 276w, https:\/\/rdfmc.com\/wp-content\/uploads\/2021\/06\/Sobre1SeccaoRDFMC-11x12.png 11w\" sizes=\"(max-width: 492px) 100vw, 492px\" \/>\t\t\t\t\t\t\t\t\t\t\t\t\t\t\t<\/div>\n\t\t\t\t<\/div>\n\t\t\t\t\t<\/div>\n\t\t<\/div>\n\t\t\t\t<div class=\"elementor-column elementor-col-50 elementor-top-column elementor-element elementor-element-3c24f18 elementor-hidden-phone\" data-id=\"3c24f18\" data-element_type=\"column\">\n\t\t\t<div class=\"elementor-widget-wrap elementor-element-populated\">\n\t\t\t\t\t\t<div class=\"elementor-element elementor-element-45a2c0b elementor-hidden-phone elementor-widget elementor-widget-text-editor\" data-id=\"45a2c0b\" data-element_type=\"widget\" data-widget_type=\"text-editor.default\">\n\t\t\t\t<div class=\"elementor-widget-container\">\n\t\t\t\t\t\t\t\t\tAbout <span style=\"color: #87a045;\">RDFMC<\/span>\t\t\t\t\t\t\t\t<\/div>\n\t\t\t\t<\/div>\n\t\t\t\t<div class=\"elementor-element elementor-element-0b010f2 elementor-hidden-phone elementor-widget elementor-widget-text-editor\" data-id=\"0b010f2\" data-element_type=\"widget\" data-widget_type=\"text-editor.default\">\n\t\t\t\t<div class=\"elementor-widget-container\">\n\t\t\t\t\t\t\t\t\t<p>RDFMC is a critical, practical, dogmatic, and multidisciplinary publication.<br><span style=\"font-style: inherit; font-weight: inherit;\"><br>Publication of doctrinal articles, jurisprudential notes, reviews, and legislative and doctrinal notes is admitted.<br><\/span><span style=\"font-style: inherit; font-weight: inherit;\"><br>RDFMC adopts a double-blind peer-review process, where the anonymity of the Authors and Referees is guaranteed.<\/span><\/p>\t\t\t\t\t\t\t\t<\/div>\n\t\t\t\t<\/div>\n\t\t\t\t<div class=\"elementor-element elementor-element-15bd257 elementor-align-left elementor-mobile-align-center elementor-hidden-phone elementor-tablet-align-left elementor-widget elementor-widget-button\" data-id=\"15bd257\" data-element_type=\"widget\" data-widget_type=\"button.default\">\n\t\t\t\t<div class=\"elementor-widget-container\">\n\t\t\t\t\t\t\t\t\t<div class=\"elementor-button-wrapper\">\n\t\t\t\t\t<a class=\"elementor-button elementor-button-link elementor-size-sm\" href=\"mailto:rdfmcgeral@gmail.com\">\n\t\t\t\t\t\t<span class=\"elementor-button-content-wrapper\">\n\t\t\t\t\t\t\t\t\t<span class=\"elementor-button-text\">Contact us<\/span>\n\t\t\t\t\t<\/span>\n\t\t\t\t\t<\/a>\n\t\t\t\t<\/div>\n\t\t\t\t\t\t\t\t<\/div>\n\t\t\t\t<\/div>\n\t\t\t\t<section class=\"elementor-section elementor-inner-section elementor-element elementor-element-67adccf elementor-hidden-phone elementor-hidden-tablet elementor-section-boxed elementor-section-height-default elementor-section-height-default\" data-id=\"67adccf\" data-element_type=\"section\">\n\t\t\t\t\t\t<div class=\"elementor-container elementor-column-gap-default\">\n\t\t\t\t\t<div class=\"elementor-column elementor-col-10 elementor-inner-column elementor-element elementor-element-acdfc3b\" data-id=\"acdfc3b\" data-element_type=\"column\">\n\t\t\t<div class=\"elementor-widget-wrap elementor-element-populated\">\n\t\t\t\t\t\t<div class=\"elementor-element elementor-element-46591f1 elementor-view-default elementor-widget elementor-widget-icon\" data-id=\"46591f1\" data-element_type=\"widget\" data-widget_type=\"icon.default\">\n\t\t\t\t<div class=\"elementor-widget-container\">\n\t\t\t\t\t\t\t<div class=\"elementor-icon-wrapper\">\n\t\t\t<a class=\"elementor-icon\" href=\"https:\/\/www.facebook.com\/RevistaRDFMC\" target=\"_blank\" rel=\"noopener\">\n\t\t\t<svg xmlns=\"http:\/\/www.w3.org\/2000\/svg\" width=\"34\" height=\"34\" viewbox=\"0 0 34 34\" fill=\"none\"><path fill-rule=\"evenodd\" clip-rule=\"evenodd\" d=\"M2.83325 8.4987C2.83325 6.9958 3.43027 5.55447 4.49298 4.49176C5.55569 3.42905 6.99703 2.83203 8.49992 2.83203H25.4999C27.0028 2.83203 28.4442 3.42905 29.5069 4.49176C30.5696 5.55447 31.1666 6.9958 31.1666 8.4987V25.4987C31.1666 27.0016 30.5696 28.4429 29.5069 29.5056C28.4442 30.5683 27.0028 31.1654 25.4999 31.1654H8.49992C6.99703 31.1654 5.55569 30.5683 4.49298 29.5056C3.43027 28.4429 2.83325 27.0016 2.83325 25.4987V8.4987ZM8.49992 5.66536C7.74847 5.66536 7.0278 5.96388 6.49645 6.49523C5.9651 7.02658 5.66659 7.74725 5.66659 8.4987V25.4987C5.66659 26.2501 5.9651 26.9708 6.49645 27.5022C7.0278 28.0335 7.74847 28.332 8.49992 28.332H16.9999V18.4154H15.5833C15.2075 18.4154 14.8472 18.2661 14.5815 18.0004C14.3158 17.7348 14.1666 17.3744 14.1666 16.9987C14.1666 16.623 14.3158 16.2626 14.5815 15.997C14.8472 15.7313 15.2075 15.582 15.5833 15.582H16.9999V13.457C16.9999 12.142 17.5223 10.8808 18.4522 9.95096C19.382 9.02109 20.6432 8.4987 21.9583 8.4987H22.8083C23.184 8.4987 23.5443 8.64795 23.81 8.91363C24.0757 9.17931 24.2249 9.53964 24.2249 9.91536C24.2249 10.2911 24.0757 10.6514 23.81 10.9171C23.5443 11.1828 23.184 11.332 22.8083 11.332H21.9583C21.6792 11.332 21.4029 11.387 21.1451 11.4938C20.8872 11.6006 20.653 11.7571 20.4557 11.9544C20.2583 12.1518 20.1018 12.386 19.995 12.6438C19.8882 12.9016 19.8333 13.178 19.8333 13.457V15.582H22.8083C23.184 15.582 23.5443 15.7313 23.81 15.997C24.0757 16.2626 24.2249 16.623 24.2249 16.9987C24.2249 17.3744 24.0757 17.7348 23.81 18.0004C23.5443 18.2661 23.184 18.4154 22.8083 18.4154H19.8333V28.332H25.4999C26.2514 28.332 26.972 28.0335 27.5034 27.5022C28.0347 26.9708 28.3333 26.2501 28.3333 25.4987V8.4987C28.3333 7.74725 28.0347 7.02658 27.5034 6.49523C26.972 5.96388 26.2514 5.66536 25.4999 5.66536H8.49992Z\" fill=\"#423E3D\"><\/path><\/svg>\t\t\t<\/a>\n\t\t<\/div>\n\t\t\t\t\t\t<\/div>\n\t\t\t\t<\/div>\n\t\t\t\t\t<\/div>\n\t\t<\/div>\n\t\t\t\t<div class=\"elementor-column elementor-col-10 elementor-inner-column elementor-element elementor-element-31ea91b\" data-id=\"31ea91b\" data-element_type=\"column\">\n\t\t\t<div class=\"elementor-widget-wrap elementor-element-populated\">\n\t\t\t\t\t\t<div class=\"elementor-element elementor-element-3784f48 elementor-view-default elementor-widget elementor-widget-icon\" data-id=\"3784f48\" data-element_type=\"widget\" data-widget_type=\"icon.default\">\n\t\t\t\t<div class=\"elementor-widget-container\">\n\t\t\t\t\t\t\t<div class=\"elementor-icon-wrapper\">\n\t\t\t<a class=\"elementor-icon\" href=\"https:\/\/www.linkedin.com\/company\/revista-de-direito-financeiro-e-dos-mercados-de-capitais-rdfmc\/?viewAsMember=true\" target=\"_blank\" rel=\"noopener\">\n\t\t\t<svg xmlns=\"http:\/\/www.w3.org\/2000\/svg\" width=\"28\" height=\"28\" viewbox=\"0 0 28 28\" fill=\"none\"><path fill-rule=\"evenodd\" clip-rule=\"evenodd\" d=\"M5.6 0C4.11479 0 2.69041 0.589998 1.6402 1.6402C0.589998 2.69041 0 4.11479 0 5.6V22.4C0 23.8852 0.589998 25.3096 1.6402 26.3598C2.69041 27.41 4.11479 28 5.6 28H22.4C23.8852 28 25.3096 27.41 26.3598 26.3598C27.41 25.3096 28 23.8852 28 22.4V5.6C28 4.11479 27.41 2.69041 26.3598 1.6402C25.3096 0.589998 23.8852 0 22.4 0H5.6ZM2.8 5.6C2.8 4.85739 3.095 4.1452 3.6201 3.6201C4.1452 3.095 4.85739 2.8 5.6 2.8H22.4C23.1426 2.8 23.8548 3.095 24.3799 3.6201C24.905 4.1452 25.2 4.85739 25.2 5.6V22.4C25.2 23.1426 24.905 23.8548 24.3799 24.3799C23.8548 24.905 23.1426 25.2 22.4 25.2H5.6C4.85739 25.2 4.1452 24.905 3.6201 24.3799C3.095 23.8548 2.8 23.1426 2.8 22.4V5.6ZM9.8 12.6C9.8 12.2287 9.6525 11.8726 9.38995 11.6101C9.1274 11.3475 8.7713 11.2 8.4 11.2C8.0287 11.2 7.6726 11.3475 7.41005 11.6101C7.1475 11.8726 7 12.2287 7 12.6V21C7 21.3713 7.1475 21.7274 7.41005 21.99C7.6726 22.2525 8.0287 22.4 8.4 22.4C8.7713 22.4 9.1274 22.2525 9.38995 21.99C9.6525 21.7274 9.8 21.3713 9.8 21V12.6ZM10.5 7.7C10.5 8.25695 10.2788 8.7911 9.88492 9.18492C9.4911 9.57875 8.95695 9.8 8.4 9.8C7.84305 9.8 7.3089 9.57875 6.91508 9.18492C6.52125 8.7911 6.3 8.25695 6.3 7.7C6.3 7.14305 6.52125 6.6089 6.91508 6.21508C7.3089 5.82125 7.84305 5.6 8.4 5.6C8.95695 5.6 9.4911 5.82125 9.88492 6.21508C10.2788 6.6089 10.5 7.14305 10.5 7.7V7.7ZM14 11.2C14.476 11.2 14.896 11.438 15.148 11.7992C15.8696 11.4059 16.6782 11.1999 17.5 11.2C20.524 11.2 22.4 13.8964 22.4 16.1994V21C22.4 21.3713 22.2525 21.7274 21.99 21.99C21.7274 22.2525 21.3713 22.4 21 22.4C20.6287 22.4 20.2726 22.2525 20.01 21.99C19.7475 21.7274 19.6 21.3713 19.6 21V16.198C19.6 15.1228 18.676 13.9986 17.5 13.9986C16.7664 13.9986 15.9558 14.3976 15.4 15.3468V21C15.4 21.3713 15.2525 21.7274 14.9899 21.99C14.7274 22.2525 14.3713 22.4 14 22.4C13.6287 22.4 13.2726 22.2525 13.0101 21.99C12.7475 21.7274 12.6 21.3713 12.6 21V12.6C12.6 12.2287 12.7475 11.8726 13.0101 11.6101C13.2726 11.3475 13.6287 11.2 14 11.2V11.2Z\" fill=\"#423E3D\"><\/path><\/svg>\t\t\t<\/a>\n\t\t<\/div>\n\t\t\t\t\t\t<\/div>\n\t\t\t\t<\/div>\n\t\t\t\t\t<\/div>\n\t\t<\/div>\n\t\t\t\t<div class=\"elementor-column elementor-col-10 elementor-inner-column elementor-element elementor-element-198ac23\" data-id=\"198ac23\" data-element_type=\"column\">\n\t\t\t<div class=\"elementor-widget-wrap\">\n\t\t\t\t\t\t\t<\/div>\n\t\t<\/div>\n\t\t\t\t<div class=\"elementor-column elementor-col-10 elementor-inner-column elementor-element elementor-element-ed5a338\" data-id=\"ed5a338\" data-element_type=\"column\">\n\t\t\t<div class=\"elementor-widget-wrap\">\n\t\t\t\t\t\t\t<\/div>\n\t\t<\/div>\n\t\t\t\t<div class=\"elementor-column elementor-col-10 elementor-inner-column elementor-element elementor-element-7229810\" data-id=\"7229810\" data-element_type=\"column\">\n\t\t\t<div class=\"elementor-widget-wrap\">\n\t\t\t\t\t\t\t<\/div>\n\t\t<\/div>\n\t\t\t\t<div class=\"elementor-column elementor-col-10 elementor-inner-column elementor-element elementor-element-b29d9e5\" data-id=\"b29d9e5\" data-element_type=\"column\">\n\t\t\t<div class=\"elementor-widget-wrap\">\n\t\t\t\t\t\t\t<\/div>\n\t\t<\/div>\n\t\t\t\t<div class=\"elementor-column elementor-col-10 elementor-inner-column elementor-element elementor-element-6aaf2d5\" data-id=\"6aaf2d5\" data-element_type=\"column\">\n\t\t\t<div class=\"elementor-widget-wrap\">\n\t\t\t\t\t\t\t<\/div>\n\t\t<\/div>\n\t\t\t\t<div class=\"elementor-column elementor-col-10 elementor-inner-column elementor-element elementor-element-8e1a08a\" data-id=\"8e1a08a\" data-element_type=\"column\">\n\t\t\t<div class=\"elementor-widget-wrap\">\n\t\t\t\t\t\t\t<\/div>\n\t\t<\/div>\n\t\t\t\t<div class=\"elementor-column elementor-col-10 elementor-inner-column elementor-element elementor-element-6de3f31\" data-id=\"6de3f31\" data-element_type=\"column\">\n\t\t\t<div class=\"elementor-widget-wrap\">\n\t\t\t\t\t\t\t<\/div>\n\t\t<\/div>\n\t\t\t\t<div class=\"elementor-column elementor-col-10 elementor-inner-column elementor-element elementor-element-4f99515\" data-id=\"4f99515\" data-element_type=\"column\">\n\t\t\t<div class=\"elementor-widget-wrap\">\n\t\t\t\t\t\t\t<\/div>\n\t\t<\/div>\n\t\t\t\t\t<\/div>\n\t\t<\/section>\n\t\t\t\t\t<\/div>\n\t\t<\/div>\n\t\t\t\t\t<\/div>\n\t\t<\/section>\n\t\t\t\t<section class=\"elementor-section elementor-top-section elementor-element elementor-element-359986f elementor-section-boxed elementor-section-height-default elementor-section-height-default\" data-id=\"359986f\" data-element_type=\"section\">\n\t\t\t\t\t\t<div class=\"elementor-container elementor-column-gap-default\">\n\t\t\t\t\t<div class=\"elementor-column elementor-col-50 elementor-top-column elementor-element elementor-element-c1ae4b1\" data-id=\"c1ae4b1\" data-element_type=\"column\">\n\t\t\t<div class=\"elementor-widget-wrap elementor-element-populated\">\n\t\t\t\t\t\t<div class=\"elementor-element elementor-element-38d6fd0 elementor-widget elementor-widget-text-editor\" data-id=\"38d6fd0\" data-element_type=\"widget\" data-widget_type=\"text-editor.default\">\n\t\t\t\t<div class=\"elementor-widget-container\">\n\t\t\t\t\t\t\t\t\t<h2>Criticism<\/h2>\t\t\t\t\t\t\t\t<\/div>\n\t\t\t\t<\/div>\n\t\t\t\t<div class=\"elementor-element elementor-element-78150b1 elementor-widget elementor-widget-text-editor\" data-id=\"78150b1\" data-element_type=\"widget\" data-widget_type=\"text-editor.default\">\n\t\t\t\t<div class=\"elementor-widget-container\">\n\t\t\t\t\t\t\t\t\t<p>The legislative advances impose on Legal Science a deep evaluation of the path travelled in the last decades.<\/p>\t\t\t\t\t\t\t\t<\/div>\n\t\t\t\t<\/div>\n\t\t\t\t\t<\/div>\n\t\t<\/div>\n\t\t\t\t<div class=\"elementor-column elementor-col-50 elementor-top-column elementor-element elementor-element-5f8d415\" data-id=\"5f8d415\" data-element_type=\"column\">\n\t\t\t<div class=\"elementor-widget-wrap elementor-element-populated\">\n\t\t\t\t\t\t<div class=\"elementor-element elementor-element-344991c elementor-widget elementor-widget-text-editor\" data-id=\"344991c\" data-element_type=\"widget\" data-widget_type=\"text-editor.default\">\n\t\t\t\t<div class=\"elementor-widget-container\">\n\t\t\t\t\t\t\t\t\t<h2>Pratice<\/h2>\t\t\t\t\t\t\t\t<\/div>\n\t\t\t\t<\/div>\n\t\t\t\t<div class=\"elementor-element elementor-element-428f425 elementor-widget elementor-widget-text-editor\" data-id=\"428f425\" data-element_type=\"widget\" data-widget_type=\"text-editor.default\">\n\t\t\t\t<div class=\"elementor-widget-container\">\n\t\t\t\t\t\t\t\t\t<p>Financial Law is, by essence, a highly practical and detailed law, discussed in our courts and with supervisory bodies.<\/p>\t\t\t\t\t\t\t\t<\/div>\n\t\t\t\t<\/div>\n\t\t\t\t\t<\/div>\n\t\t<\/div>\n\t\t\t\t\t<\/div>\n\t\t<\/section>\n\t\t\t\t<section class=\"elementor-section elementor-top-section elementor-element elementor-element-af06a7c elementor-section-boxed elementor-section-height-default elementor-section-height-default\" data-id=\"af06a7c\" data-element_type=\"section\">\n\t\t\t\t\t\t<div class=\"elementor-container elementor-column-gap-default\">\n\t\t\t\t\t<div class=\"elementor-column elementor-col-50 elementor-top-column elementor-element elementor-element-bfbefd8\" data-id=\"bfbefd8\" data-element_type=\"column\">\n\t\t\t<div class=\"elementor-widget-wrap elementor-element-populated\">\n\t\t\t\t\t\t<div class=\"elementor-element elementor-element-a8782fe elementor-widget elementor-widget-text-editor\" data-id=\"a8782fe\" data-element_type=\"widget\" data-widget_type=\"text-editor.default\">\n\t\t\t\t<div class=\"elementor-widget-container\">\n\t\t\t\t\t\t\t\t\t<h2>Dogmatics<\/h2>\t\t\t\t\t\t\t\t<\/div>\n\t\t\t\t<\/div>\n\t\t\t\t<div class=\"elementor-element elementor-element-7ee0cad elementor-widget elementor-widget-text-editor\" data-id=\"7ee0cad\" data-element_type=\"widget\" data-widget_type=\"text-editor.default\">\n\t\t\t\t<div class=\"elementor-widget-container\">\n\t\t\t\t\t\t\t\t\t<p>It is in the concrete case that the Law assumes its most perfect state of concretisation and it is in this condition that legal constructions should be sustained.<\/p>\t\t\t\t\t\t\t\t<\/div>\n\t\t\t\t<\/div>\n\t\t\t\t\t<\/div>\n\t\t<\/div>\n\t\t\t\t<div class=\"elementor-column elementor-col-50 elementor-top-column elementor-element elementor-element-61262b6\" data-id=\"61262b6\" data-element_type=\"column\">\n\t\t\t<div class=\"elementor-widget-wrap elementor-element-populated\">\n\t\t\t\t\t\t<div class=\"elementor-element elementor-element-33747f8 elementor-widget elementor-widget-text-editor\" data-id=\"33747f8\" data-element_type=\"widget\" data-widget_type=\"text-editor.default\">\n\t\t\t\t<div class=\"elementor-widget-container\">\n\t\t\t\t\t\t\t\t\t<h2>Multidisciplinary<\/h2>\t\t\t\t\t\t\t\t<\/div>\n\t\t\t\t<\/div>\n\t\t\t\t<div class=\"elementor-element elementor-element-95a5ef8 elementor-widget elementor-widget-text-editor\" data-id=\"95a5ef8\" data-element_type=\"widget\" data-widget_type=\"text-editor.default\">\n\t\t\t\t<div class=\"elementor-widget-container\">\n\t\t\t\t\t\t\t\t\t<p>Contemporary Law has broken its classical boundaries and today assumes the importance of other Sciences: Economics, Sociology, Statistics, Informatics or Medicine.<\/p>\t\t\t\t\t\t\t\t<\/div>\n\t\t\t\t<\/div>\n\t\t\t\t\t<\/div>\n\t\t<\/div>\n\t\t\t\t\t<\/div>\n\t\t<\/section>\n\t\t\t\t<section class=\"elementor-section elementor-top-section elementor-element elementor-element-d2070bf elementor-section-full_width elementor-section-height-default elementor-section-height-default elementor-invisible\" data-id=\"d2070bf\" data-element_type=\"section\" data-settings=\"{&quot;animation&quot;:&quot;fadeInLeft&quot;,&quot;animation_delay&quot;:1100}\">\n\t\t\t\t\t\t<div class=\"elementor-container elementor-column-gap-default\">\n\t\t\t\t\t<div class=\"elementor-column elementor-col-33 elementor-top-column elementor-element elementor-element-a4eb6fc\" data-id=\"a4eb6fc\" data-element_type=\"column\" data-settings=\"{&quot;background_background&quot;:&quot;classic&quot;}\">\n\t\t\t<div class=\"elementor-widget-wrap\">\n\t\t\t\t\t\t\t<\/div>\n\t\t<\/div>\n\t\t\t\t<div class=\"elementor-column elementor-col-33 elementor-top-column elementor-element elementor-element-9e6c2ce\" data-id=\"9e6c2ce\" data-element_type=\"column\" data-settings=\"{&quot;background_background&quot;:&quot;classic&quot;}\">\n\t\t\t<div class=\"elementor-widget-wrap elementor-element-populated\">\n\t\t\t\t\t\t<div class=\"elementor-element elementor-element-e70a158 elementor-widget elementor-widget-text-editor\" data-id=\"e70a158\" data-element_type=\"widget\" data-widget_type=\"text-editor.default\">\n\t\t\t\t<div class=\"elementor-widget-container\">\n\t\t\t\t\t\t\t\t\t<p>RDFMC covers all the classic areas of legal publications: doctrinal articles, jurisprudential notes, reviews, and legislative and doctrinal notes.<\/p>\t\t\t\t\t\t\t\t<\/div>\n\t\t\t\t<\/div>\n\t\t\t\t\t<\/div>\n\t\t<\/div>\n\t\t\t\t<div class=\"elementor-column elementor-col-33 elementor-top-column elementor-element elementor-element-d67552d elementor-hidden-phone\" data-id=\"d67552d\" data-element_type=\"column\">\n\t\t\t<div class=\"elementor-widget-wrap\">\n\t\t\t\t\t\t\t<\/div>\n\t\t<\/div>\n\t\t\t\t\t<\/div>\n\t\t<\/section>\n\t\t\t\t<\/div>","protected":false},"excerpt":{"rendered":"<p>Sobre a RDFMC A RDFMC assume-se como uma publica\u00e7\u00e3o cr\u00edtica, pr\u00e1tica, dogm\u00e1tica e multidisciplinar. Admite-se a publica\u00e7\u00e3o de artigos doutrin\u00e1rios, anota\u00e7\u00f5es jurisprudenciais, recens\u00f5es e notas legislativas e doutrin\u00e1rias. A RDFMC adota um sistema de double blind peer-review, onde \u00e9 garantido o anonimato dos Autores e dos \u00c1rbitros. Sobre a RDFMC A RDFMC assume-se como uma &hellip;<\/p>\n<p class=\"read-more\"> <a class=\"\" href=\"https:\/\/rdfmc.com\/en\/sobre-a-rdfmc\/\"> <span class=\"screen-reader-text\">About<\/span> Read More &raquo;<\/a><\/p>","protected":false},"author":1,"featured_media":0,"parent":0,"menu_order":0,"comment_status":"closed","ping_status":"closed","template":"","meta":{"_exactmetrics_skip_tracking":false,"_exactmetrics_sitenote_active":false,"_exactmetrics_sitenote_note":"","_exactmetrics_sitenote_category":0,"footnotes":""},"class_list":["post-45","page","type-page","status-publish","hentry"],"_links":{"self":[{"href":"https:\/\/rdfmc.com\/en\/wp-json\/wp\/v2\/pages\/45","targetHints":{"allow":["GET"]}}],"collection":[{"href":"https:\/\/rdfmc.com\/en\/wp-json\/wp\/v2\/pages"}],"about":[{"href":"https:\/\/rdfmc.com\/en\/wp-json\/wp\/v2\/types\/page"}],"author":[{"embeddable":true,"href":"https:\/\/rdfmc.com\/en\/wp-json\/wp\/v2\/users\/1"}],"replies":[{"embeddable":true,"href":"https:\/\/rdfmc.com\/en\/wp-json\/wp\/v2\/comments?post=45"}],"version-history":[{"count":224,"href":"https:\/\/rdfmc.com\/en\/wp-json\/wp\/v2\/pages\/45\/revisions"}],"predecessor-version":[{"id":2352,"href":"https:\/\/rdfmc.com\/en\/wp-json\/wp\/v2\/pages\/45\/revisions\/2352"}],"wp:attachment":[{"href":"https:\/\/rdfmc.com\/en\/wp-json\/wp\/v2\/media?parent=45"}],"curies":[{"name":"wp","href":"https:\/\/api.w.org\/{rel}","templated":true}]}}